{"id":8024,"date":"2014-07-04T23:25:06","date_gmt":"2014-07-04T23:25:06","guid":{"rendered":"http:\/\/lawyers-attorneys.vamtam.com\/?page_id=8024"},"modified":"2024-09-04T12:35:52","modified_gmt":"2024-09-04T12:35:52","slug":"qa","status":"publish","type":"page","link":"https:\/\/kmresolutions.com\/de\/qa\/","title":{"rendered":"FRAGEN &amp; ANTWORTEN"},"content":{"rendered":"<h2 class=\"text-divider-double\">\t\t\t\nFragen und Antworten zum Thema Mediation<br \/>\n\t\t<\/h2>\t\t<div class=\"sep\"><\/div>\t\n<div class=\"push\" style='height:10px'><\/div>\n<div class=\"row\"><div class=\"wpv-grid grid-1-1  wpv-first-level first unextended\" style=\"padding-top:0px;padding-bottom:0px\" id=\"wpv-column-838d8d8cb321632d55093f75c3069813\" ><\/div><\/div>\n<div class=\"row\"><div class=\"wpv-grid grid-5-6  wpv-first-level first unextended\" style=\"padding-top:0px;padding-bottom:0px\" id=\"wpv-column-6df586bad2bd004e9895ed82bcca2c4c\" ><div class=\"clearfix dropcap-wrapper\"><div class=\"dropcap-left\"><span class='dropcap1'>Q<\/span><\/div><div class=\"dropcap-text\">\n<p class=\"p1\"><b>Was ist Mediation?<\/b><\/div> <\/div>\n<div class=\"push\" style='height:20px'><\/div> <span class='dropcap1'>A<\/span>\n<p class=\"p1\">Bei der Mediation handelt es sich um einen Prozess, bei dem ein neutraler Dritter die streitenden Parteien dabei unterst\u00fctzt, eine f\u00fcr beide Seiten akzeptable L\u00f6sung zu finden.<\/div><\/div>\n<div class=\"push\" style='height:20px'><\/div>\n<div class=\"row\"><div class=\"wpv-grid grid-5-6  wpv-first-level first unextended\" style=\"padding-top:0px;padding-bottom:0px\" id=\"wpv-column-4d2d7fd16b47b81579e6fd1620bf65d9\" ><div class=\"clearfix dropcap-wrapper\"><div class=\"dropcap-left\"><span class='dropcap1'>Q<\/span><\/div><div class=\"dropcap-text\">\n<p class=\"p1\"><b>Wie lange dauert der Mediationsprozess?<\/b><\/p>\n<p class=\"p1\"><\/div> <\/div>\n<div class=\"push\" style='height:20px'><\/div> <span class='dropcap1'>A<\/span>\n<p class=\"p1\">Die Dauer variiert je nach Komplexit\u00e4t des Konflikts und umfasst in der Regel einige Sitzungen.<\/div><\/div>\n<div class=\"push\" style='height:20px'><\/div>\n<div class=\"row\"><div class=\"wpv-grid grid-5-6  wpv-first-level first unextended\" style=\"padding-top:0px;padding-bottom:0px\" id=\"wpv-column-0c2498f93fb5d0031a34e0dcdb6ff005\" ><div class=\"clearfix dropcap-wrapper\"><div class=\"dropcap-left\"><span class='dropcap1'>Q<\/span><\/div><div class=\"dropcap-text\">\n<p class=\"p1\"><b>Welche Arten von Konflikten lassen sich vermitteln?<\/b><\/p>\n<p class=\"p1\"><\/div> <\/div>\n<div class=\"push\" style='height:20px'><\/div> <span class='dropcap1'>A<\/span>\n<p class=\"p1\">Eine Mediation kann bei Konflikten im Familien-, Arbeits-, Wirtschafts- und gesellschaftlichen Bereich helfen.<\/div><\/div>\n<div class=\"push\" style='height:20px'><\/div>\n<div class=\"row\"><div class=\"wpv-grid grid-5-6  wpv-first-level first unextended\" style=\"padding-top:0px;padding-bottom:0px\" id=\"wpv-column-4116476e19fae42ba800195fe521af77\" ><div class=\"clearfix dropcap-wrapper\"><div class=\"dropcap-left\"><span class='dropcap1'>Q<\/span><\/div><div class=\"dropcap-text\">\n<p class=\"p1\"><b>Ist eine Mediation rechtlich bindend?<\/b><\/p>\n<p class=\"p1\"><\/div> <\/div>\n<div class=\"push\" style='height:20px'><\/div> <span class='dropcap1'>A<\/span>\n<p class=\"p1\">Mediationsvereinbarungen k\u00f6nnen rechtlich verbindlich werden, wenn beide Parteien zustimmen und die Vereinbarung formell festhalten.<\/div><\/div>\n<div class=\"push\" style='height:20px'><\/div>\n<div class=\"row\"><div class=\"wpv-grid grid-5-6  wpv-first-level first unextended\" style=\"padding-top:0px;padding-bottom:0px\" id=\"wpv-column-4573237c4ba6ac5cff699e000c4a4f07\" ><div class=\"clearfix dropcap-wrapper\"><div class=\"dropcap-left\"><span class='dropcap1'>Q<\/span><\/div><div class=\"dropcap-text\">\n<p class=\"p1\"><b>Wie vertraulich ist dieser Prozess?<\/b><\/p>\n<p class=\"p1\"><\/div> <\/div>\n<div class=\"push\" style='height:20px'><\/div> <span class='dropcap1'>A<\/span>\n<p class=\"p1\">Die Mediation erfolgt vertraulich, und Details der Gespr\u00e4che werden ohne Zustimmung nicht an Dritte weitergegeben.<\/div><\/div>\n\t\t<h2 class=\"text-divider-double\">\t\t\t\nQ&amp;A \u00dcber Coaching<br \/>\n\t\t<\/h2>\t\t<div class=\"sep\"><\/div>\t\n<div class=\"row\"><div class=\"wpv-grid grid-5-6  wpv-first-level first unextended\" style=\"padding-top:0px;padding-bottom:0px\" id=\"wpv-column-c96b4bd8ee41a583154392a8e86f83cb\" ><div class=\"clearfix dropcap-wrapper\"><div class=\"dropcap-left\"><span class='dropcap1'>Q<\/span><\/div><div class=\"dropcap-text\">\n<p><strong>Was ist Coaching?<\/strong><\/div> <\/div>\n<div class=\"push\" style='height:20px'><\/div> <span class='dropcap1'>A<\/span>\n<p>Coaching ist ein Prozess, bei dem ein ausgebildeter Experte Sie durch Beratung, Unterst\u00fctzung und praktische Strategien dabei unterst\u00fctzt, Ihre pers\u00f6nlichen und beruflichen Ziele zu erreichen.<\/div><\/div>\n<div class=\"push\" style='height:20px'><\/div>\n<div class=\"row\"><div class=\"wpv-grid grid-5-6  wpv-first-level first unextended\" style=\"padding-top:0px;padding-bottom:0px\" id=\"wpv-column-9ed0c5e72b13ee30a51eba7f7b824f6b\" ><div class=\"clearfix dropcap-wrapper\"><div class=\"dropcap-left\"><span class='dropcap1'>Q<\/span><\/div><div class=\"dropcap-text\">\n<p><strong>Wie lange dauert das Coaching?<\/strong><\/div> <\/div>\n<div class=\"push\" style='height:20px'><\/div> <span class='dropcap1'>A<\/span>\n<p>Wie lange dauert ein Coaching? Die Dauer des Coachings h\u00e4ngt von den individuellen Bed\u00fcrfnissen und Zielen ab. In der Regel erzielen die Teilnehmer bereits nach wenigen Monaten deutliche Fortschritte.<\/div><\/div>\n<div class=\"push\" style='height:20px'><\/div>\n<div class=\"row\"><div class=\"wpv-grid grid-5-6  wpv-first-level first unextended\" style=\"padding-top:0px;padding-bottom:0px\" id=\"wpv-column-62485577c33ab3b0b663d0272819d332\" ><div class=\"clearfix dropcap-wrapper\"><div class=\"dropcap-left\"><span class='dropcap1'>Q<\/span><\/div><div class=\"dropcap-text\">\n<p><strong>Ist das Coaching vertraulich?<\/strong><\/div> <\/div>\n<div class=\"push\" style='height:20px'><\/div> <span class='dropcap1'>A<\/span>\n<p>Ja, alle Coaching-Sitzungen sind vertraulich, was Ihnen ein sicheres und privates Umfeld bietet, in dem Sie Ihre Probleme besprechen k\u00f6nnen.<\/div><\/div>\n<div class=\"push\" style='height:20px'><\/div>\n<div class=\"row\"><div class=\"wpv-grid grid-5-6  wpv-first-level first unextended\" style=\"padding-top:0px;padding-bottom:0px\" id=\"wpv-column-cabc2ca3d5e283cdb48fda10a2ac1562\" ><div class=\"clearfix dropcap-wrapper\"><div class=\"dropcap-left\"><span class='dropcap1'>Q<\/span><\/div><div class=\"dropcap-text\">\n<p><strong>Welche Arten von Konflikten lassen sich durch Coaching l\u00f6sen?<\/strong><\/div> <\/div>\n<div class=\"push\" style='height:20px'><\/div> <span class='dropcap1'>A<\/span>\n<p>Coaching kann unter anderem bei Familien-, Beziehungs-, Schul-, Arbeitsplatz- und anderen zivilrechtlichen Konflikten hilfreich sein.<\/div><\/div>\n\t\t<h2 class=\"text-divider-double\">\t\t\t\nQ&amp;A \u00dcber Schulungen<br \/>\n\t\t<\/h2>\t\t<div class=\"sep\"><\/div>\t\n<div class=\"row\"><div class=\"wpv-grid grid-5-6  wpv-first-level first unextended\" style=\"padding-top:0px;padding-bottom:0px\" id=\"wpv-column-8cc54c18b7ec35f83bf72934b4ffff12\" ><div class=\"clearfix dropcap-wrapper\"><div class=\"dropcap-left\"><span class='dropcap1'>Q<\/span><\/div><div class=\"dropcap-text\">\n<p><strong>Welche Themen werden in Ihren Schulungsseminaren behandelt?<\/strong><\/div> <\/div>\n<div class=\"push\" style='height:20px'><\/div> <span class='dropcap1'>A<\/span>\n<p>Unsere Schulungsprogramme umfassen Kommunikationsf\u00e4higkeiten, Verhandlungstechniken, Mediationstraining, Konfliktl\u00f6sung und das Verst\u00e4ndnis von zwischenmenschlichen Beziehungen.<\/div><\/div>\n<div class=\"push\" style='height:20px'><\/div>\n<div class=\"row\"><div class=\"wpv-grid grid-5-6  wpv-first-level first unextended\" style=\"padding-top:0px;padding-bottom:0px\" id=\"wpv-column-23c02dc7548ac5b0a7bddd08c52d87c9\" ><div class=\"clearfix dropcap-wrapper\"><div class=\"dropcap-left\"><span class='dropcap1'>Q<\/span><\/div><div class=\"dropcap-text\">\n<p><strong>Wer kann von Ihren Schulungen und Workshops profitieren?<\/strong><\/div> <\/div>\n<div class=\"push\" style='height:20px'><\/div> <span class='dropcap1'>A<\/span>\n<p>Einzelpersonen, Organisationen und Schulen k\u00f6nnen von unseren Schulungen und Workshops profitieren, um ihre Konfliktl\u00f6sungsf\u00e4higkeiten zu verbessern und die Kommunikation zu optimieren.<\/div><\/div>\n<div class=\"push\" style='height:20px'><\/div>\n<div class=\"row\"><div class=\"wpv-grid grid-5-6  wpv-first-level first unextended\" style=\"padding-top:0px;padding-bottom:0px\" id=\"wpv-column-876d6ca3a014bf32ed479e8a9f5089c7\" ><div class=\"clearfix dropcap-wrapper\"><div class=\"dropcap-left\"><span class='dropcap1'>Q<\/span><\/div><div class=\"dropcap-text\">\n<p><strong>Wie lange dauern Ihre Trainingseinheiten?<\/strong><\/div> <\/div>\n<div class=\"push\" style='height:20px'><\/div> <span class='dropcap1'>A<\/span>\n<p>Die Dauer unserer Schulungsveranstaltungen variiert je nach Thema und den Bed\u00fcrfnissen der Teilnehmer.<\/div><\/div>\n<div class=\"push\" style='height:20px'><\/div>\n<div class=\"row\"><div class=\"wpv-grid grid-5-6  wpv-first-level first unextended\" style=\"padding-top:0px;padding-bottom:0px\" id=\"wpv-column-c5895ae9d766bc13e03d7540cae30036\" ><div class=\"clearfix dropcap-wrapper\"><div class=\"dropcap-left\"><span class='dropcap1'>Q<\/span><\/div><div class=\"dropcap-text\">\n<p><strong>Sind die Schulungsprogramme anpassbar?<\/strong><\/div> <\/div>\n<div class=\"push\" style='height:20px'><\/div> <span class='dropcap1'>A<\/span>\n<p>Ja, wir k\u00f6nnen unsere Schulungsangebote an die spezifischen Bed\u00fcrfnisse Ihrer Organisation oder Gruppe anpassen.<\/div><\/div>\n\t\t<h2 class=\"text-divider-double\">\t\t\t\nQ&amp;A \u00dcber Beratung<br \/>\n\t\t<\/h2>\t\t<div class=\"sep\"><\/div>\t\n<div class=\"row\"><div class=\"wpv-grid grid-5-6  wpv-first-level first unextended\" style=\"padding-top:0px;padding-bottom:0px\" id=\"wpv-column-a3ce3cdaa42ac492c08ad71aa51f78f2\" ><div class=\"clearfix dropcap-wrapper\"><div class=\"dropcap-left\"><span class='dropcap1'>Q<\/span><\/div><div class=\"dropcap-text\">\n<p><strong>Welche Arten von Rechtsangelegenheiten bearbeiten Sie?<\/strong><\/div> <\/div>\n<div class=\"push\" style='height:20px'><\/div> <span class='dropcap1'>A<\/span>\n<p>Wir befassen uns mit einer Vielzahl von Rechtsangelegenheiten, darunter Ehesachen, Scheidungen, Unterhaltsangelegenheiten, Geburtsurkunden, Angelegenheiten im Zusammenhang mit NADRA, Arbeitsrecht, Zivilrecht, Immobilienangelegenheiten und Erbschaftsstreitigkeiten.<\/div><\/div>\n<div class=\"push\" style='height:20px'><\/div>\n<div class=\"row\"><div class=\"wpv-grid grid-5-6  wpv-first-level first unextended\" style=\"padding-top:0px;padding-bottom:0px\" id=\"wpv-column-09b214058f38db4394e253c5d1996d7e\" ><div class=\"clearfix dropcap-wrapper\"><div class=\"dropcap-left\"><span class='dropcap1'>Q<\/span><\/div><div class=\"dropcap-text\">\n<p><strong>Bieten Sie Ihre Dienstleistungen sowohl in Pakistan als auch in Deutschland an?<\/strong><\/div> <\/div>\n<div class=\"push\" style='height:20px'><\/div> <span class='dropcap1'>A<\/span>\n<p>Ja, wir bieten umfassende Rechtsberatungsdienste f\u00fcr Pakistan an und koordinieren in Deutschland die Zusammenarbeit mit lokalen Anw\u00e4lten.<\/div><\/div>\n<div class=\"push\" style='height:20px'><\/div>\n<div class=\"row\"><div class=\"wpv-grid grid-5-6  wpv-first-level first unextended\" style=\"padding-top:0px;padding-bottom:0px\" id=\"wpv-column-a181d9a4ff6214a7b5053b6ebbaee9aa\" ><div class=\"clearfix dropcap-wrapper\"><div class=\"dropcap-left\"><span class='dropcap1'>Q<\/span><\/div><div class=\"dropcap-text\">\n<p><strong>Wie k\u00f6nnen Sie bei der Beantragung von Visa helfen?<\/strong><\/div> <\/div>\n<div class=\"push\" style='height:20px'><\/div> <span class='dropcap1'>A<\/span>\n<p>Wir bieten Ihnen fachkundige Beratung zu Visumantr\u00e4gen, erforderlichen Unterlagen und Ihren rechtlichen Rechten im Hinblick auf die Integration in das deutsche System.<\/div><\/div>\n<div class=\"push\" style='height:20px'><\/div>\n<div class=\"row\"><div class=\"wpv-grid grid-5-6  wpv-first-level first unextended\" style=\"padding-top:0px;padding-bottom:0px\" id=\"wpv-column-12a98c6bad9e7494224557cdb7098fc2\" ><div class=\"clearfix dropcap-wrapper\"><div class=\"dropcap-left\"><span class='dropcap1'>Q<\/span><\/div><div class=\"dropcap-text\">\n<p><strong>Bieten Sie Unterst\u00fctzung f\u00fcr Frauen an, die von Gewalt betroffen sind?<\/strong><\/div> <\/div>\n<div class=\"push\" style='height:20px'><\/div> <span class='dropcap1'>A<\/span>\n<p>Ja, wir bieten betroffenen Frauen Rechtsberatung, Unterst\u00fctzung und Handlungskonzepte an, um sicherzustellen, dass ihre Rechte gesch\u00fctzt werden.<\/div><\/div>\n<div class=\"push\" style='height:30px'><\/div>\n<div class=\"row\"><div class=\"wpv-grid grid-1-1  wpv-first-level first has-background extended\" style=\"background-color:#EFEFEF;padding-top:20px;padding-bottom:10px\" id=\"wpv-column-2c2a6a6a7de92a9f699c2fa1b0c91f7b\" ><div class=\"extended-column-inner\"><style>#wpv-column-2c2a6a6a7de92a9f699c2fa1b0c91f7b p,#wpv-column-2c2a6a6a7de92a9f699c2fa1b0c91f7b em,#wpv-column-2c2a6a6a7de92a9f699c2fa1b0c91f7b .column-title,#wpv-column-2c2a6a6a7de92a9f699c2fa1b0c91f7b .sep-text h2.regular-title-wrapper,#wpv-column-2c2a6a6a7de92a9f699c2fa1b0c91f7b .text-divider-double,#wpv-column-2c2a6a6a7de92a9f699c2fa1b0c91f7b .sep-text .sep-text-line,#wpv-column-2c2a6a6a7de92a9f699c2fa1b0c91f7b .sep,#wpv-column-2c2a6a6a7de92a9f699c2fa1b0c91f7b .sep-2,#wpv-column-2c2a6a6a7de92a9f699c2fa1b0c91f7b .sep-3,#wpv-column-2c2a6a6a7de92a9f699c2fa1b0c91f7b td,#wpv-column-2c2a6a6a7de92a9f699c2fa1b0c91f7b th,#wpv-column-2c2a6a6a7de92a9f699c2fa1b0c91f7b caption{color:#707070;}#wpv-column-2c2a6a6a7de92a9f699c2fa1b0c91f7b:before{background-color:transparent;}<\/style><div class=\"row\"><div class=\"wpv-grid grid-1-1  first unextended\" style=\"padding-top:0px;padding-bottom:0px\" id=\"wpv-column-52699489f24950658c42e7c4d864764a\" ><h4 style=\"text-align: center;\"><span class=\"accent-4\">\u2013 Beratung anfragen \u2013<\/span><\/h4>\n<div class=\"push\" style='height:10px'><\/div><\/div><\/div>\n<div class=\"row\"><div class=\"wpv-grid grid-1-1  first unextended animation-fade-in animated-active\" style=\"padding-top:0px;padding-bottom:0px\" id=\"wpv-column-31e673c6acf96c89eef4946afb0f2e00\" ><p>\n<div class=\"wpcf7 no-js\" id=\"wpcf7-f9392-o1\" lang=\"en-US\" dir=\"ltr\">\n<div class=\"screen-reader-response\"><p role=\"status\" aria-live=\"polite\" aria-atomic=\"true\"><\/p> <ul><\/ul><\/div>\n<form action=\"\/de\/wp-json\/wp\/v2\/pages\/8024#wpcf7-f9392-o1\" method=\"post\" class=\"wpcf7-form init\" aria-label=\"Contact form\" novalidate=\"novalidate\" data-status=\"init\" data-trp-original-action=\"\/de\/wp-json\/wp\/v2\/pages\/8024#wpcf7-f9392-o1\">\n<div style=\"display: none;\">\n<input type=\"hidden\" name=\"_wpcf7\" value=\"9392\" \/>\n<input type=\"hidden\" name=\"_wpcf7_version\" value=\"5.9.3\" \/>\n<input type=\"hidden\" name=\"_wpcf7_locale\" value=\"en_US\" \/>\n<input type=\"hidden\" name=\"_wpcf7_unit_tag\" value=\"wpcf7-f9392-o1\" \/>\n<input type=\"hidden\" name=\"_wpcf7_container_post\" value=\"0\" \/>\n<input type=\"hidden\" name=\"_wpcf7_posted_data_hash\" value=\"\" \/>\n<\/div>\n<div class=\"vamtam-rsvp-form\">\n\t<div class=\"row\">\n\t\t<div class=\"grid-1-3\">\n\t\t\t<p><span class=\"wpcf7-form-control-wrap\" data-name=\"your-name\"><input size=\"40\" class=\"wpcf7-form-control wpcf7-text wpcf7-validates-as-required\" id=\"your-name\" aria-required=\"true\" aria-invalid=\"false\" placeholder=\"Name\" value=\"\" type=\"text\" name=\"your-name\" \/><\/span>\n\t\t\t<\/p>\n\t\t<\/div>\n\t\t<div class=\"grid-1-3\">\n\t\t\t<p><span class=\"wpcf7-form-control-wrap\" data-name=\"Phone\"><input size=\"40\" class=\"wpcf7-form-control wpcf7-text wpcf7-validates-as-required\" id=\"Phone\" aria-required=\"true\" aria-invalid=\"false\" placeholder=\"Phone\" value=\"\" type=\"text\" name=\"Phone\" \/><\/span>\n\t\t\t<\/p>\n\t\t<\/div>\n\t\t<div class=\"grid-1-3\">\n\t\t\t<p><span class=\"wpcf7-form-control-wrap\" data-name=\"dropdown\"><select class=\"wpcf7-form-control wpcf7-select wpv-chosen-select\" id=\"events-dropdown\" aria-invalid=\"false\" name=\"dropdown\"><option value=\"Mediation\">Mediation<\/option><option value=\"Coaching\">Coaching<\/option><option value=\"Consulting\">Beratung<\/option><option value=\"Trainings\">Schulungen<\/option><option value=\"Others\">Others<\/option><\/select><\/span>\n\t\t\t<\/p>\n\t\t<\/div>\n\t\t<div class=\"grid-1-1\">\n\t\t\t<p><span class=\"wpcf7-form-control-wrap\" data-name=\"our-message\"><textarea cols=\"40\" rows=\"5\" class=\"wpcf7-form-control wpcf7-textarea wpcf7-validates-as-required\" id=\"message\" aria-required=\"true\" aria-invalid=\"false\" placeholder=\"Fallbeschreibung...\" name=\"our-message\"><\/textarea><\/span>\n\t\t\t<\/p>\n\t\t<\/div>\n\n <!-- IMPORTANT: use CF7 acceptance tag with the label inside the tag -->\n\t\t<div class=\"grid-1-1 disclaimer-check\">\n\t\t\t<p><span class=\"wpcf7-form-control-wrap\" data-name=\"acceptance-340\"><span class=\"wpcf7-form-control wpcf7-acceptance\"><span class=\"wpcf7-list-item\"><label><input type=\"checkbox\" name=\"acceptance-340\" value=\"1\" aria-invalid=\"false\" \/><span class=\"wpcf7-list-item-label\">Ich habe die Bedingungen gelesen und stimme ihnen zu. <a href=\"https:\/\/kmresolutions.com\/de\/legal-disclaimer\/\" target=\"_blank\">Haftungsausschluss<\/a> Und <a href=\"\/de\/privacy-policy\/\" target=\"_blank\">Datenschutzrichtlinie<\/a>.<\/span><\/label><\/span><\/span><\/span>\n\t\t\t<\/p>\n\t\t<\/div>\n\t<\/div>\n\t<div style=\"text-align:center; margin-top:20px;\">\n\t\t<p><input class=\"wpcf7-form-control wpcf7-submit has-spinner\" type=\"submit\" value=\"ANFRAGE SENDEN \u2192\" \/>\n\t\t<\/p>\n\t<\/div>\n<\/div><div class=\"wpcf7-response-output\" aria-hidden=\"true\"><\/div>\n<input type=\"hidden\" name=\"trp-form-language\" value=\"de\"\/><\/form>\n<\/div>\n<\/div><\/div><\/div><\/div><\/div>","protected":false},"excerpt":{"rendered":"<p>Mediation is a process where a neutral third party helps disputing parties reach a mutually acceptable solution. The duration varies depending on the complexity of the conflict, typically involving a few sessions. Mediation can address family, workplace, commercial, and community conflicts. Mediation agreements can be made legally binding if both parties agree and formalize the&#8230;<\/p>","protected":false},"author":1,"featured_media":0,"parent":0,"menu_order":0,"comment_status":"closed","ping_status":"open","template":"","meta":{"footnotes":""},"class_list":["post-8024","page","type-page","status-publish","hentry"],"_links":{"self":[{"href":"https:\/\/kmresolutions.com\/de\/wp-json\/wp\/v2\/pages\/8024","targetHints":{"allow":["GET"]}}],"collection":[{"href":"https:\/\/kmresolutions.com\/de\/wp-json\/wp\/v2\/pages"}],"about":[{"href":"https:\/\/kmresolutions.com\/de\/wp-json\/wp\/v2\/types\/page"}],"author":[{"embeddable":true,"href":"https:\/\/kmresolutions.com\/de\/wp-json\/wp\/v2\/users\/1"}],"replies":[{"embeddable":true,"href":"https:\/\/kmresolutions.com\/de\/wp-json\/wp\/v2\/comments?post=8024"}],"version-history":[{"count":32,"href":"https:\/\/kmresolutions.com\/de\/wp-json\/wp\/v2\/pages\/8024\/revisions"}],"predecessor-version":[{"id":987924,"href":"https:\/\/kmresolutions.com\/de\/wp-json\/wp\/v2\/pages\/8024\/revisions\/987924"}],"wp:attachment":[{"href":"https:\/\/kmresolutions.com\/de\/wp-json\/wp\/v2\/media?parent=8024"}],"curies":[{"name":"wp","href":"https:\/\/api.w.org\/{rel}","templated":true}]}}